{"id":802,"date":"2025-08-31T16:49:15","date_gmt":"2025-08-31T14:49:15","guid":{"rendered":"https:\/\/ifselyana.com\/?page_id=802"},"modified":"2025-08-31T16:49:17","modified_gmt":"2025-08-31T14:49:17","slug":"formulaire-de-reinscription-2024-2025","status":"publish","type":"page","link":"https:\/\/ifselyana.com\/?page_id=802","title":{"rendered":"FORMULAIRE DE REINSCRIPTION 2024 -2025"},"content":{"rendered":"<div class=\"frm_forms  with_frm_style frm_style_style-formidable\" id=\"frm_form_2_container\" data-token=\"e9afda7ebd89de5ed3e1ad437f0397ad\">\n<form enctype=\"multipart\/form-data\" method=\"post\" class=\"frm-show-form \" id=\"form_formulaire-dinscription-2025-20262\" data-token=\"e9afda7ebd89de5ed3e1ad437f0397ad\">\n<div class=\"frm_form_fields \">\n<fieldset>\n<legend class=\"frm_screen_reader\">FORMULAIRE DE REINSCRIPTION 2024 -2025<\/legend>\r\n\r\n<div class=\"frm_fields_container\">\n<input type=\"hidden\" name=\"frm_action\" value=\"create\" \/>\n<input type=\"hidden\" name=\"form_id\" value=\"2\" \/>\n<input type=\"hidden\" name=\"frm_hide_fields_2\" id=\"frm_hide_fields_2\" value=\"\" \/>\n<input type=\"hidden\" name=\"form_key\" value=\"formulaire-dinscription-2025-20262\" \/>\n<input type=\"hidden\" name=\"item_meta[0]\" value=\"\" \/>\n<input type=\"hidden\" id=\"frm_submit_entry_2\" name=\"frm_submit_entry_2\" value=\"bccc8398cb\" \/><input type=\"hidden\" name=\"_wp_http_referer\" value=\"\/index.php?rest_route=%2Fwp%2Fv2%2Fpages%2F802\" \/><div id=\"frm_field_28_container\" class=\"frm_form_field form-field  frm_required_field frm_top_container frm6 frm_first\">\r\n\t<label for=\"field_yxnqm2\" id=\"field_yxnqm2_label\" class=\"frm_primary_label\">Noms\r\n\t\t<span class=\"frm_required\" aria-hidden=\"true\">*<\/span>\r\n\t<\/label>\r\n\t<input type=\"text\" id=\"field_yxnqm2\" name=\"item_meta[28]\" value=\"\"  data-reqmsg=\"Noms ne peut pas \u00eatre vide.\" aria-required=\"true\" data-invmsg=\"Noms est non valide\" aria-invalid=\"false\"  \/>\r\n\t\r\n\t\r\n<\/div>\n<div id=\"frm_field_29_container\" class=\"frm_form_field form-field  frm_required_field frm_top_container frm6\">\r\n\t<label for=\"field_sd7s52\" id=\"field_sd7s52_label\" class=\"frm_primary_label\">Pr\u00e9noms\r\n\t\t<span class=\"frm_required\" aria-hidden=\"true\">*<\/span>\r\n\t<\/label>\r\n\t<input type=\"text\" id=\"field_sd7s52\" name=\"item_meta[29]\" value=\"\"  data-reqmsg=\"Pr\u00e9noms ne peut pas \u00eatre vide.\" aria-required=\"true\" data-invmsg=\"Pr\u00e9noms est non valide\" aria-invalid=\"false\"  \/>\r\n\t\r\n\t\r\n<\/div>\n<div id=\"frm_field_30_container\" class=\"frm_form_field form-field  frm_required_field frm_top_container\">\r\n\t<label for=\"field_i5ucb2\" id=\"field_i5ucb2_label\" class=\"frm_primary_label\">Nom de jeune fille\r\n\t\t<span class=\"frm_required\" aria-hidden=\"true\">*<\/span>\r\n\t<\/label>\r\n\t<input type=\"text\" id=\"field_i5ucb2\" name=\"item_meta[30]\" value=\"\"  data-reqmsg=\"Nom de jeune fille ne peut pas \u00eatre vide.\" aria-required=\"true\" data-invmsg=\"Nom de jeune fille est non valide\" aria-invalid=\"false\"  \/>\r\n\t\r\n\t\r\n<\/div>\n<div id=\"frm_field_31_container\" class=\"frm_form_field form-field  frm_required_field frm_top_container vertical_radio\">\r\n\t<div  id=\"field_wddhm2_label\" class=\"frm_primary_label\">Sexe\r\n\t\t<span class=\"frm_required\" aria-hidden=\"true\">*<\/span>\r\n\t<\/div>\r\n\t<div class=\"frm_opt_container\" aria-labelledby=\"field_wddhm2_label\" role=\"group\">\t\t<div class=\"frm_checkbox\" id=\"frm_checkbox_31-0\">\t\t\t<label  for=\"field_wddhm2-0\">\n\t\t\t<input type=\"checkbox\" name=\"item_meta[31][]\" id=\"field_wddhm2-0\" value=\"F\u00e9minin\"  data-reqmsg=\"Sexe ne peut pas \u00eatre vide.\" data-invmsg=\"Sexe est non valide\"   aria-required=\"true\"  \/> F\u00e9minin<\/label><\/div>\n\t\t<div class=\"frm_checkbox\" id=\"frm_checkbox_31-1\">\t\t\t<label  for=\"field_wddhm2-1\">\n\t\t\t<input type=\"checkbox\" name=\"item_meta[31][]\" id=\"field_wddhm2-1\" value=\"Masculin\"  data-reqmsg=\"Sexe ne peut pas \u00eatre vide.\" data-invmsg=\"Sexe est non valide\"   \/> Masculin<\/label><\/div>\n<\/div>\r\n\t\r\n\t\r\n<\/div>\n<div id=\"frm_field_32_container\" class=\"frm_form_field form-field  frm_required_field frm_top_container frm6 frm_first\">\r\n\t<label for=\"field_n5guo2\" id=\"field_n5guo2_label\" class=\"frm_primary_label\">Date de Naissance\r\n\t\t<span class=\"frm_required\" aria-hidden=\"true\">*<\/span>\r\n\t<\/label>\r\n\t<input type=\"text\" id=\"field_n5guo2\" name=\"item_meta[32]\" value=\"\"  data-reqmsg=\"Date de Naissance ne peut pas \u00eatre vide.\" aria-required=\"true\" data-invmsg=\"Date de Naissance est non valide\" aria-invalid=\"false\"  \/>\r\n\t\r\n\t\r\n<\/div>\n<div id=\"frm_field_33_container\" class=\"frm_form_field form-field  frm_required_field frm_top_container frm6\">\r\n\t<label for=\"field_l9qqq2\" id=\"field_l9qqq2_label\" class=\"frm_primary_label\">Lieu de naissance \r\n\t\t<span class=\"frm_required\" aria-hidden=\"true\">*<\/span>\r\n\t<\/label>\r\n\t<input type=\"text\" id=\"field_l9qqq2\" name=\"item_meta[33]\" value=\"\"  data-reqmsg=\"Lieu de naissance  ne peut pas \u00eatre vide.\" aria-required=\"true\" data-invmsg=\"Lieu de naissance  est non valide\" aria-invalid=\"false\"  \/>\r\n\t\r\n\t\r\n<\/div>\n<div id=\"frm_field_34_container\" class=\"frm_form_field form-field  frm_required_field frm_top_container\">\r\n\t<label for=\"field_7tnf72\" id=\"field_7tnf72_label\" class=\"frm_primary_label\">Nationalit\u00e9\r\n\t\t<span class=\"frm_required\" aria-hidden=\"true\">*<\/span>\r\n\t<\/label>\r\n\t<input type=\"text\" id=\"field_7tnf72\" name=\"item_meta[34]\" value=\"\"  data-reqmsg=\"Nationalit\u00e9 ne peut pas \u00eatre vide.\" aria-required=\"true\" data-invmsg=\"Nationalit\u00e9 est non valide\" aria-invalid=\"false\"  \/>\r\n\t\r\n\t\r\n<\/div>\n<div id=\"frm_field_35_container\" class=\"frm_form_field form-field  frm_required_field frm_top_container vertical_radio\">\r\n\t<div  id=\"field_dvs2b2_label\" class=\"frm_primary_label\">Situation Matrimoniale\r\n\t\t<span class=\"frm_required\" aria-hidden=\"true\">*<\/span>\r\n\t<\/div>\r\n\t<div class=\"frm_opt_container\" aria-labelledby=\"field_dvs2b2_label\" role=\"group\">\t\t<div class=\"frm_checkbox\" id=\"frm_checkbox_35-0\">\t\t\t<label  for=\"field_dvs2b2-0\">\n\t\t\t<input type=\"checkbox\" name=\"item_meta[35][]\" id=\"field_dvs2b2-0\" value=\"Mari\u00e9(e)\"  data-reqmsg=\"Situation Matrimoniale ne peut pas \u00eatre vide.\" data-invmsg=\"Situation Matrimoniale est non valide\"   aria-required=\"true\"  \/> Mari\u00e9(e)<\/label><\/div>\n\t\t<div class=\"frm_checkbox\" id=\"frm_checkbox_35-1\">\t\t\t<label  for=\"field_dvs2b2-1\">\n\t\t\t<input type=\"checkbox\" name=\"item_meta[35][]\" id=\"field_dvs2b2-1\" value=\"C\u00e9libataire\"  data-reqmsg=\"Situation Matrimoniale ne peut pas \u00eatre vide.\" data-invmsg=\"Situation Matrimoniale est non valide\"   \/> C\u00e9libataire<\/label><\/div>\n<\/div>\r\n\t\r\n\t\r\n<\/div>\n<div id=\"frm_field_36_container\" class=\"frm_form_field form-field  frm_required_field frm_top_container\">\r\n\t<label for=\"field_v0dhn2\" id=\"field_v0dhn2_label\" class=\"frm_primary_label\">Adresse Compl\u00e8te\r\n\t\t<span class=\"frm_required\" aria-hidden=\"true\">*<\/span>\r\n\t<\/label>\r\n\t<input type=\"text\" id=\"field_v0dhn2\" name=\"item_meta[36]\" value=\"\"  data-reqmsg=\"Adresse Compl\u00e8te ne peut pas \u00eatre vide.\" aria-required=\"true\" data-invmsg=\"Adresse Compl\u00e8te est non valide\" aria-invalid=\"false\"  \/>\r\n\t\r\n\t\r\n<\/div>\n<div id=\"frm_field_37_container\" class=\"frm_form_field form-field  frm_required_field frm_top_container\">\r\n\t<label for=\"field_e41yd2\" id=\"field_e41yd2_label\" class=\"frm_primary_label\">Code Postal\r\n\t\t<span class=\"frm_required\" aria-hidden=\"true\">*<\/span>\r\n\t<\/label>\r\n\t<input type=\"text\" id=\"field_e41yd2\" name=\"item_meta[37]\" value=\"\"  data-reqmsg=\"Code Postal ne peut pas \u00eatre vide.\" aria-required=\"true\" data-invmsg=\"Code Postal est non valide\" aria-invalid=\"false\"  \/>\r\n\t\r\n\t\r\n<\/div>\n<div id=\"frm_field_38_container\" class=\"frm_form_field form-field  frm_required_field frm_top_container\">\r\n\t<label for=\"field_6pixt2\" id=\"field_6pixt2_label\" class=\"frm_primary_label\">T\u00e9l\u00e9phone mobile\r\n\t\t<span class=\"frm_required\" aria-hidden=\"true\">*<\/span>\r\n\t<\/label>\r\n\t<input type=\"tel\" id=\"field_6pixt2\" name=\"item_meta[38]\" value=\"\"  data-reqmsg=\"T\u00e9l\u00e9phone mobile ne peut pas \u00eatre vide.\" aria-required=\"true\" data-invmsg=\"T\u00e9l\u00e9phone mobile est non valide\" aria-invalid=\"false\" pattern=\"((\\+\\d{1,3}(-|.| )?\\(?\\d\\)?(-| |.)?\\d{1,5})|(\\(?\\d{2,6}\\)?))(-|.| )?(\\d{3,4})(-|.| )?(\\d{4})(( x| ext)\\d{1,5}){0,1}$\"  \/>\r\n\t\r\n\t\r\n<\/div>\n<div id=\"frm_field_39_container\" class=\"frm_form_field form-field  frm_required_field frm_top_container\">\r\n\t<label for=\"field_nok5n2\" id=\"field_nok5n2_label\" class=\"frm_primary_label\">E-mail\r\n\t\t<span class=\"frm_required\" aria-hidden=\"true\">*<\/span>\r\n\t<\/label>\r\n\t<input type=\"email\" id=\"field_nok5n2\" name=\"item_meta[39]\" value=\"\"  data-reqmsg=\"E-mail ne peut pas \u00eatre vide.\" aria-required=\"true\" data-invmsg=\"E-mail est non valide\" aria-invalid=\"false\"  \/>\r\n\t\r\n\t\r\n<\/div>\n<div id=\"frm_field_40_container\" class=\"frm_form_field form-field  frm_required_field frm_top_container frm6 frm_first\">\r\n\t<label for=\"field_544it2\" id=\"field_544it2_label\" class=\"frm_primary_label\">Nom du tuteur\r\n\t\t<span class=\"frm_required\" aria-hidden=\"true\">*<\/span>\r\n\t<\/label>\r\n\t<input type=\"text\" id=\"field_544it2\" name=\"item_meta[40]\" value=\"\"  data-reqmsg=\"Nom du tuteur ne peut pas \u00eatre vide.\" aria-required=\"true\" data-invmsg=\"Nom du tuteur est non valide\" aria-invalid=\"false\"  \/>\r\n\t\r\n\t\r\n<\/div>\n<div id=\"frm_field_41_container\" class=\"frm_form_field form-field  frm_required_field frm_top_container frm6\">\r\n\t<label for=\"field_bmyzp2\" id=\"field_bmyzp2_label\" class=\"frm_primary_label\">T\u00e9l\u00e9phone\r\n\t\t<span class=\"frm_required\" aria-hidden=\"true\">*<\/span>\r\n\t<\/label>\r\n\t<input type=\"tel\" id=\"field_bmyzp2\" name=\"item_meta[41]\" value=\"\"  data-reqmsg=\"T\u00e9l\u00e9phone ne peut pas \u00eatre vide.\" aria-required=\"true\" data-invmsg=\"T\u00e9l\u00e9phone est non valide\" aria-invalid=\"false\" pattern=\"((\\+\\d{1,3}(-|.| )?\\(?\\d\\)?(-| |.)?\\d{1,5})|(\\(?\\d{2,6}\\)?))(-|.| )?(\\d{3,4})(-|.| )?(\\d{4})(( x| ext)\\d{1,5}){0,1}$\"  \/>\r\n\t\r\n\t\r\n<\/div>\n<div id=\"frm_field_42_container\" class=\"frm_form_field form-field  frm_required_field frm_top_container\">\r\n\t<label for=\"field_7t8it2\" id=\"field_7t8it2_label\" class=\"frm_primary_label\">Option souhait\u00e9e :\r\n\t\t<span class=\"frm_required\" aria-hidden=\"true\">*<\/span>\r\n\t<\/label>\r\n\t\t\t<select name=\"item_meta[42]\" id=\"field_7t8it2\"  data-reqmsg=\"Option souhait\u00e9e : ne peut pas \u00eatre vide.\" aria-required=\"true\" data-invmsg=\"Option souhait\u00e9e : est non valide\" class=\"auto_width\" aria-invalid=\"false\"  >\n\t\t<option  value=\"Infirmier (e) Dipl\u00f4m\u00e9 d\u2019Etat\">Infirmier (e) Dipl\u00f4m\u00e9 d\u2019Etat<\/option><option  value=\"Sage-Femme\">Sage-Femme<\/option><option  value=\"Biologie m\u00e9dicale\">Biologie m\u00e9dicale<\/option>\t<\/select>\n\t\r\n\t\r\n\t\r\n<\/div>\n<div id=\"frm_field_43_container\" class=\"frm_form_field form-field  frm_required_field frm_top_container vertical_radio\">\r\n\t<div  id=\"field_a9bbk2_label\" class=\"frm_primary_label\">Ann\u00e9e d\u2019\u00e9tude :\r\n\t\t<span class=\"frm_required\" aria-hidden=\"true\">*<\/span>\r\n\t<\/div>\r\n\t<div class=\"frm_opt_container\" aria-labelledby=\"field_a9bbk2_label\" role=\"radiogroup\" aria-required=\"true\">\t\t<div class=\"frm_radio\" id=\"frm_radio_43-0\">\t\t\t<label  for=\"field_a9bbk2-0\">\n\t\t\t\t\t<input type=\"radio\" name=\"item_meta[43]\" id=\"field_a9bbk2-0\" value=\"1\u00e8re Ann\u00e9e\"\n\t\t   data-reqmsg=\"Ann\u00e9e d\u2019\u00e9tude : ne peut pas \u00eatre vide.\" data-invmsg=\"Ann\u00e9e d\u2019\u00e9tude : est non valide\"  \/> 1\u00e8re Ann\u00e9e<\/label><\/div>\n\t\t<div class=\"frm_radio\" id=\"frm_radio_43-1\">\t\t\t<label  for=\"field_a9bbk2-1\">\n\t\t\t\t\t<input type=\"radio\" name=\"item_meta[43]\" id=\"field_a9bbk2-1\" value=\"2\u00e8me Ann\u00e9e\"\n\t\t   data-reqmsg=\"Ann\u00e9e d\u2019\u00e9tude : ne peut pas \u00eatre vide.\" data-invmsg=\"Ann\u00e9e d\u2019\u00e9tude : est non valide\"  \/> 2\u00e8me Ann\u00e9e<\/label><\/div>\n\t\t<div class=\"frm_radio\" id=\"frm_radio_43-2\">\t\t\t<label  for=\"field_a9bbk2-2\">\n\t\t\t\t\t<input type=\"radio\" name=\"item_meta[43]\" id=\"field_a9bbk2-2\" value=\"3\u00e8me Ann\u00e9e\"\n\t\t   data-reqmsg=\"Ann\u00e9e d\u2019\u00e9tude : ne peut pas \u00eatre vide.\" data-invmsg=\"Ann\u00e9e d\u2019\u00e9tude : est non valide\"  \/> 3\u00e8me Ann\u00e9e<\/label><\/div>\n<\/div>\r\n\t\r\n\t\r\n<\/div>\n<div id=\"frm_field_44_container\" class=\"frm_form_field form-field  frm_required_field frm_top_container vertical_radio\">\r\n\t<div  id=\"field_ihcyf2_label\" class=\"frm_primary_label\">Cours\r\n\t\t<span class=\"frm_required\" aria-hidden=\"true\">*<\/span>\r\n\t<\/div>\r\n\t<div class=\"frm_opt_container\" aria-labelledby=\"field_ihcyf2_label\" role=\"radiogroup\" aria-required=\"true\">\t\t<div class=\"frm_radio\" id=\"frm_radio_44-0\">\t\t\t<label  for=\"field_ihcyf2-0\">\n\t\t\t\t\t<input type=\"radio\" name=\"item_meta[44]\" id=\"field_ihcyf2-0\" value=\"Jour\"\n\t\t   data-reqmsg=\"Cours ne peut pas \u00eatre vide.\" data-invmsg=\"Cours est non valide\"  \/> Jour<\/label><\/div>\n\t\t<div class=\"frm_radio\" id=\"frm_radio_44-1\">\t\t\t<label  for=\"field_ihcyf2-1\">\n\t\t\t\t\t<input type=\"radio\" name=\"item_meta[44]\" id=\"field_ihcyf2-1\" value=\"Nuit\"\n\t\t   data-reqmsg=\"Cours ne peut pas \u00eatre vide.\" data-invmsg=\"Cours est non valide\"  \/> Nuit<\/label><\/div>\n<\/div>\r\n\t\r\n\t\r\n<\/div>\n<div id=\"frm_field_45_container\" class=\"frm_form_field form-field  frm_required_field frm_top_container frm6 frm_first\">\r\n\t<label for=\"field_s04ke2\" id=\"field_s04ke2_label\" class=\"frm_primary_label\">Intitul\u00e9 du Dipl\u00f4me obtenu\r\n\t\t<span class=\"frm_required\" aria-hidden=\"true\">*<\/span>\r\n\t<\/label>\r\n\t<input type=\"text\" id=\"field_s04ke2\" name=\"item_meta[45]\" value=\"\"  data-reqmsg=\"Intitul\u00e9 du Dipl\u00f4me obtenu ne peut pas \u00eatre vide.\" aria-required=\"true\" data-invmsg=\"Intitul\u00e9 du Dipl\u00f4me obtenu est non valide\" aria-invalid=\"false\"  \/>\r\n\t\r\n\t\r\n<\/div>\n<div id=\"frm_field_46_container\" class=\"frm_form_field form-field  frm_required_field frm_top_container frm6\">\r\n\t<label for=\"field_geg2i2\" id=\"field_geg2i2_label\" class=\"frm_primary_label\">S\u00e9rie\r\n\t\t<span class=\"frm_required\" aria-hidden=\"true\">*<\/span>\r\n\t<\/label>\r\n\t<input type=\"text\" id=\"field_geg2i2\" name=\"item_meta[46]\" value=\"\"  data-reqmsg=\"S\u00e9rie ne peut pas \u00eatre vide.\" aria-required=\"true\" data-invmsg=\"S\u00e9rie est non valide\" aria-invalid=\"false\"  \/>\r\n\t\r\n\t\r\n<\/div>\n<div id=\"frm_field_47_container\" class=\"frm_form_field form-field  frm_required_field frm_top_container\">\r\n\t<label for=\"field_sz75q2\" id=\"field_sz75q2_label\" class=\"frm_primary_label\">Ann\u00e9e d\u2019obtention\r\n\t\t<span class=\"frm_required\" aria-hidden=\"true\">*<\/span>\r\n\t<\/label>\r\n\t<input type=\"text\" id=\"field_sz75q2\" name=\"item_meta[47]\" value=\"\"  data-reqmsg=\"Ann\u00e9e d\u2019obtention ne peut pas \u00eatre vide.\" aria-required=\"true\" data-invmsg=\"Ann\u00e9e d\u2019obtention est non valide\" aria-invalid=\"false\"  \/>\r\n\t\r\n\t\r\n<\/div>\n<div id=\"frm_field_48_container\" class=\"frm_form_field form-field \">\r\n\t<div class=\"frm_submit frm_flex\">\r\n<button class=\"frm_button_submit\" type=\"submit\"  >Envoyer<\/button>\r\n\r\n\r\n\r\n<\/div>\r\n<\/div>\n\t<input type=\"hidden\" name=\"item_key\" value=\"\" \/>\n\t\t\t<div id=\"frm_field_53_container\">\n\t\t\t<label for=\"field_qva5p\" >\n\t\t\t\tSi vous \u00eates un humain, ne remplissez pas ce champ.\t\t\t<\/label>\n\t\t\t<input  id=\"field_qva5p\" type=\"text\" class=\"frm_form_field form-field frm_verify\" name=\"item_meta[53]\" value=\"\"  \/>\n\t\t<\/div>\n\t\t<input name=\"frm_state\" type=\"hidden\" value=\"Z5y5pHIVY0yvuCGC6w5yZTy\/pL5DDmmvgzl9FtLfT70=\" \/><\/div>\n<\/fieldset>\n<\/div>\n\n<\/form>\n<\/div>\n\n\n\n\n<p><\/p>\n","protected":false},"excerpt":{"rendered":"","protected":false},"author":1,"featured_media":0,"parent":0,"menu_order":0,"comment_status":"closed","ping_status":"closed","template":"","meta":{"site-sidebar-layout":"default","site-content-layout":"","ast-site-content-layout":"default","site-content-style":"default","site-sidebar-style":"default","ast-global-header-display":"","ast-banner-title-visibility":"","ast-main-header-display":"","ast-hfb-above-header-display":"","ast-hfb-below-header-display":"","ast-hfb-mobile-header-display":"","site-post-title":"","ast-breadcrumbs-content":"","ast-featured-img":"","footer-sml-layout":"","theme-transparent-header-meta":"","adv-header-id-meta":"","stick-header-meta":"","header-above-stick-meta":"","header-main-stick-meta":"","header-below-stick-meta":"","astra-migrate-meta-layouts":"default","ast-page-background-enabled":"default","ast-page-background-meta":{"desktop":{"background-color":"var(--ast-global-color-5)","background-image":"","background-repeat":"repeat","background-position":"center center","background-size":"auto","background-attachment":"scroll","background-type":"","background-media":"","overlay-type":"","overlay-color":"","overlay-opacity":"","overlay-gradient":""},"tablet":{"background-color":"","background-image":"","background-repeat":"repeat","background-position":"center center","background-size":"auto","background-attachment":"scroll","background-type":"","background-media":"","overlay-type":"","overlay-color":"","overlay-opacity":"","overlay-gradient":""},"mobile":{"background-color":"","background-image":"","background-repeat":"repeat","background-position":"center center","background-size":"auto","background-attachment":"scroll","background-type":"","background-media":"","overlay-type":"","overlay-color":"","overlay-opacity":"","overlay-gradient":""}},"ast-content-background-meta":{"desktop":{"background-color":"var(--ast-global-color-4)","background-image":"","background-repeat":"repeat","background-position":"center center","background-size":"auto","background-attachment":"scroll","background-type":"","background-media":"","overlay-type":"","overlay-color":"","overlay-opacity":"","overlay-gradient":""},"tablet":{"background-color":"var(--ast-global-color-4)","background-image":"","background-repeat":"repeat","background-position":"center center","background-size":"auto","background-attachment":"scroll","background-type":"","background-media":"","overlay-type":"","overlay-color":"","overlay-opacity":"","overlay-gradient":""},"mobile":{"background-color":"var(--ast-global-color-4)","background-image":"","background-repeat":"repeat","background-position":"center center","background-size":"auto","background-attachment":"scroll","background-type":"","background-media":"","overlay-type":"","overlay-color":"","overlay-opacity":"","overlay-gradient":""}},"footnotes":""},"class_list":["post-802","page","type-page","status-publish","hentry"],"yoast_head":"<!-- This site is optimized with the Yoast SEO plugin v26.3 - https:\/\/yoast.com\/wordpress\/plugins\/seo\/ -->\n<title>FORMULAIRE DE REINSCRIPTION 2024 -2025 - IFSE<\/title>\n<meta name=\"robots\" content=\"index, follow, max-snippet:-1, max-image-preview:large, max-video-preview:-1\" \/>\n<link rel=\"canonical\" href=\"https:\/\/ifselyana.com\/?page_id=802\" \/>\n<meta property=\"og:locale\" content=\"fr_FR\" \/>\n<meta property=\"og:type\" content=\"article\" \/>\n<meta property=\"og:title\" content=\"FORMULAIRE DE REINSCRIPTION 2024 -2025 - IFSE\" \/>\n<meta property=\"og:url\" content=\"https:\/\/ifselyana.com\/?page_id=802\" \/>\n<meta property=\"og:site_name\" content=\"IFSE\" \/>\n<meta property=\"article:modified_time\" content=\"2025-08-31T14:49:17+00:00\" \/>\n<meta name=\"twitter:card\" content=\"summary_large_image\" \/>\n<script type=\"application\/ld+json\" class=\"yoast-schema-graph\">{\"@context\":\"https:\/\/schema.org\",\"@graph\":[{\"@type\":\"WebPage\",\"@id\":\"https:\/\/ifselyana.com\/?page_id=802\",\"url\":\"https:\/\/ifselyana.com\/?page_id=802\",\"name\":\"FORMULAIRE DE REINSCRIPTION 2024 -2025 - IFSE\",\"isPartOf\":{\"@id\":\"https:\/\/ifselyana.com\/#website\"},\"datePublished\":\"2025-08-31T14:49:15+00:00\",\"dateModified\":\"2025-08-31T14:49:17+00:00\",\"breadcrumb\":{\"@id\":\"https:\/\/ifselyana.com\/?page_id=802#breadcrumb\"},\"inLanguage\":\"fr-FR\",\"potentialAction\":[{\"@type\":\"ReadAction\",\"target\":[\"https:\/\/ifselyana.com\/?page_id=802\"]}]},{\"@type\":\"BreadcrumbList\",\"@id\":\"https:\/\/ifselyana.com\/?page_id=802#breadcrumb\",\"itemListElement\":[{\"@type\":\"ListItem\",\"position\":1,\"name\":\"Accueil\",\"item\":\"https:\/\/ifselyana.com\/\"},{\"@type\":\"ListItem\",\"position\":2,\"name\":\"FORMULAIRE DE REINSCRIPTION 2024 -2025\"}]},{\"@type\":\"WebSite\",\"@id\":\"https:\/\/ifselyana.com\/#website\",\"url\":\"https:\/\/ifselyana.com\/\",\"name\":\"IFSE\",\"description\":\"\",\"publisher\":{\"@id\":\"https:\/\/ifselyana.com\/#organization\"},\"potentialAction\":[{\"@type\":\"SearchAction\",\"target\":{\"@type\":\"EntryPoint\",\"urlTemplate\":\"https:\/\/ifselyana.com\/?s={search_term_string}\"},\"query-input\":{\"@type\":\"PropertyValueSpecification\",\"valueRequired\":true,\"valueName\":\"search_term_string\"}}],\"inLanguage\":\"fr-FR\"},{\"@type\":\"Organization\",\"@id\":\"https:\/\/ifselyana.com\/#organization\",\"name\":\"IFSE\",\"url\":\"https:\/\/ifselyana.com\/\",\"logo\":{\"@type\":\"ImageObject\",\"inLanguage\":\"fr-FR\",\"@id\":\"https:\/\/ifselyana.com\/#\/schema\/logo\/image\/\",\"url\":\"https:\/\/ifselyana.com\/wp-content\/uploads\/2025\/08\/116508904_106992057782473_2246750094331060633_n-4.png\",\"contentUrl\":\"https:\/\/ifselyana.com\/wp-content\/uploads\/2025\/08\/116508904_106992057782473_2246750094331060633_n-4.png\",\"width\":598,\"height\":424,\"caption\":\"IFSE\"},\"image\":{\"@id\":\"https:\/\/ifselyana.com\/#\/schema\/logo\/image\/\"}}]}<\/script>\n<!-- \/ Yoast SEO plugin. -->","yoast_head_json":{"title":"FORMULAIRE DE REINSCRIPTION 2024 -2025 - IFSE","robots":{"index":"index","follow":"follow","max-snippet":"max-snippet:-1","max-image-preview":"max-image-preview:large","max-video-preview":"max-video-preview:-1"},"canonical":"https:\/\/ifselyana.com\/?page_id=802","og_locale":"fr_FR","og_type":"article","og_title":"FORMULAIRE DE REINSCRIPTION 2024 -2025 - IFSE","og_url":"https:\/\/ifselyana.com\/?page_id=802","og_site_name":"IFSE","article_modified_time":"2025-08-31T14:49:17+00:00","twitter_card":"summary_large_image","schema":{"@context":"https:\/\/schema.org","@graph":[{"@type":"WebPage","@id":"https:\/\/ifselyana.com\/?page_id=802","url":"https:\/\/ifselyana.com\/?page_id=802","name":"FORMULAIRE DE REINSCRIPTION 2024 -2025 - IFSE","isPartOf":{"@id":"https:\/\/ifselyana.com\/#website"},"datePublished":"2025-08-31T14:49:15+00:00","dateModified":"2025-08-31T14:49:17+00:00","breadcrumb":{"@id":"https:\/\/ifselyana.com\/?page_id=802#breadcrumb"},"inLanguage":"fr-FR","potentialAction":[{"@type":"ReadAction","target":["https:\/\/ifselyana.com\/?page_id=802"]}]},{"@type":"BreadcrumbList","@id":"https:\/\/ifselyana.com\/?page_id=802#breadcrumb","itemListElement":[{"@type":"ListItem","position":1,"name":"Accueil","item":"https:\/\/ifselyana.com\/"},{"@type":"ListItem","position":2,"name":"FORMULAIRE DE REINSCRIPTION 2024 -2025"}]},{"@type":"WebSite","@id":"https:\/\/ifselyana.com\/#website","url":"https:\/\/ifselyana.com\/","name":"IFSE","description":"","publisher":{"@id":"https:\/\/ifselyana.com\/#organization"},"potentialAction":[{"@type":"SearchAction","target":{"@type":"EntryPoint","urlTemplate":"https:\/\/ifselyana.com\/?s={search_term_string}"},"query-input":{"@type":"PropertyValueSpecification","valueRequired":true,"valueName":"search_term_string"}}],"inLanguage":"fr-FR"},{"@type":"Organization","@id":"https:\/\/ifselyana.com\/#organization","name":"IFSE","url":"https:\/\/ifselyana.com\/","logo":{"@type":"ImageObject","inLanguage":"fr-FR","@id":"https:\/\/ifselyana.com\/#\/schema\/logo\/image\/","url":"https:\/\/ifselyana.com\/wp-content\/uploads\/2025\/08\/116508904_106992057782473_2246750094331060633_n-4.png","contentUrl":"https:\/\/ifselyana.com\/wp-content\/uploads\/2025\/08\/116508904_106992057782473_2246750094331060633_n-4.png","width":598,"height":424,"caption":"IFSE"},"image":{"@id":"https:\/\/ifselyana.com\/#\/schema\/logo\/image\/"}}]}},"_links":{"self":[{"href":"https:\/\/ifselyana.com\/index.php?rest_route=\/wp\/v2\/pages\/802","targetHints":{"allow":["GET"]}}],"collection":[{"href":"https:\/\/ifselyana.com\/index.php?rest_route=\/wp\/v2\/pages"}],"about":[{"href":"https:\/\/ifselyana.com\/index.php?rest_route=\/wp\/v2\/types\/page"}],"author":[{"embeddable":true,"href":"https:\/\/ifselyana.com\/index.php?rest_route=\/wp\/v2\/users\/1"}],"replies":[{"embeddable":true,"href":"https:\/\/ifselyana.com\/index.php?rest_route=%2Fwp%2Fv2%2Fcomments&post=802"}],"version-history":[{"count":1,"href":"https:\/\/ifselyana.com\/index.php?rest_route=\/wp\/v2\/pages\/802\/revisions"}],"predecessor-version":[{"id":804,"href":"https:\/\/ifselyana.com\/index.php?rest_route=\/wp\/v2\/pages\/802\/revisions\/804"}],"wp:attachment":[{"href":"https:\/\/ifselyana.com\/index.php?rest_route=%2Fwp%2Fv2%2Fmedia&parent=802"}],"curies":[{"name":"wp","href":"https:\/\/api.w.org\/{rel}","templated":true}]}}