{"id":828,"date":"2025-09-02T09:39:08","date_gmt":"2025-09-02T07:39:08","guid":{"rendered":"https:\/\/ifselyana.com\/?page_id=828"},"modified":"2025-09-02T09:43:34","modified_gmt":"2025-09-02T07:43:34","slug":"nos-tarifs","status":"publish","type":"page","link":"https:\/\/ifselyana.com\/?page_id=828","title":{"rendered":"Nos tarifs"},"content":{"rendered":"<style>.elementor-828 .elementor-element.elementor-element-69e1fc0f{--display:flex;--min-height:700px;--flex-direction:column;--container-widget-width:100%;--container-widget-height:initial;--container-widget-flex-grow:0;--container-widget-align-self:initial;--flex-wrap-mobile:wrap;--justify-content:center;--overlay-opacity:0.5;}.elementor-828 .elementor-element.elementor-element-69e1fc0f::before, .elementor-828 .elementor-element.elementor-element-69e1fc0f > .elementor-background-video-container::before, .elementor-828 .elementor-element.elementor-element-69e1fc0f > .e-con-inner > .elementor-background-video-container::before, .elementor-828 .elementor-element.elementor-element-69e1fc0f > .elementor-background-slideshow::before, .elementor-828 .elementor-element.elementor-element-69e1fc0f > .e-con-inner > .elementor-background-slideshow::before, .elementor-828 .elementor-element.elementor-element-69e1fc0f > .elementor-motion-effects-container > .elementor-motion-effects-layer::before{background-color:#000000;--background-overlay:'';}.elementor-widget-heading .elementor-heading-title{font-family:var( --e-global-typography-primary-font-family ), Sans-serif;font-weight:var( --e-global-typography-primary-font-weight );color:var( --e-global-color-primary );}.elementor-828 .elementor-element.elementor-element-31c6ba2{text-align:left;}.elementor-828 .elementor-element.elementor-element-31c6ba2 .elementor-heading-title{font-family:\"Playfair Display\", Sans-serif;font-size:74px;font-weight:600;text-decoration:overline;color:#FFFFFF;}.elementor-828 .elementor-element.elementor-element-7491378b{width:var( --container-widget-width, 65.993% );max-width:65.993%;margin:-26px 0px calc(var(--kit-widget-spacing, 0px) + 0px) 0px;--container-widget-width:65.993%;--container-widget-flex-grow:0;text-align:left;}.elementor-828 .elementor-element.elementor-element-7491378b.elementor-element{--flex-grow:0;--flex-shrink:0;}.elementor-828 .elementor-element.elementor-element-7491378b .elementor-heading-title{font-family:\"Roboto\", Sans-serif;font-size:74px;font-weight:600;text-decoration:none;line-height:69px;color:#FFFFFF;}.elementor-828 .elementor-element.elementor-element-cb1f974{--display:flex;--flex-direction:row;--container-widget-width:initial;--container-widget-height:100%;--container-widget-flex-grow:1;--container-widget-align-self:stretch;--flex-wrap-mobile:wrap;--gap:0px 0px;--row-gap:0px;--column-gap:0px;--margin-top:050px;--margin-bottom:0px;--margin-left:0px;--margin-right:0px;}.elementor-828 .elementor-element.elementor-element-5d92f21{--display:flex;--flex-direction:column;--container-widget-width:100%;--container-widget-height:initial;--container-widget-flex-grow:0;--container-widget-align-self:initial;--flex-wrap-mobile:wrap;}.elementor-828 .elementor-element.elementor-element-1010cb0 .elementor-heading-title{font-family:\"Roboto\", Sans-serif;font-weight:600;color:#000000;}.elementor-widget-text-editor{font-family:var( --e-global-typography-text-font-family ), Sans-serif;font-weight:var( --e-global-typography-text-font-weight );color:var( --e-global-color-text );}.elementor-widget-text-editor.elementor-drop-cap-view-stacked .elementor-drop-cap{background-color:var( --e-global-color-primary );}.elementor-widget-text-editor.elementor-drop-cap-view-framed .elementor-drop-cap, .elementor-widget-text-editor.elementor-drop-cap-view-default .elementor-drop-cap{color:var( --e-global-color-primary );border-color:var( --e-global-color-primary );}.elementor-828 .elementor-element.elementor-element-d174253{text-align:justify;color:#000000;}.elementor-828 .elementor-element.elementor-element-b36c460{--display:flex;--flex-direction:column;--container-widget-width:100%;--container-widget-height:initial;--container-widget-flex-grow:0;--container-widget-align-self:initial;--flex-wrap-mobile:wrap;}.elementor-widget-image .widget-image-caption{color:var( --e-global-color-text );font-family:var( --e-global-typography-text-font-family ), Sans-serif;font-weight:var( --e-global-typography-text-font-weight );}.elementor-828 .elementor-element.elementor-element-208968d{text-align:justify;color:#000000;}:root{--page-title-display:none;}@media(min-width:768px){.elementor-828 .elementor-element.elementor-element-5d92f21{--width:50%;}.elementor-828 .elementor-element.elementor-element-b36c460{--width:50%;}}@media(max-width:1024px){.elementor-828 .elementor-element.elementor-element-7491378b{width:var( --container-widget-width, 574.28px );max-width:574.28px;--container-widget-width:574.28px;--container-widget-flex-grow:0;}.elementor-828 .elementor-element.elementor-element-7491378b .elementor-heading-title{font-size:55px;}}@media(max-width:767px){.elementor-828 .elementor-element.elementor-element-69e1fc0f{--overlay-opacity:0.43;}.elementor-828 .elementor-element.elementor-element-7491378b{width:var( --container-widget-width, 312.772px );max-width:312.772px;margin:-25px 0px calc(var(--kit-widget-spacing, 0px) + 0px) 0px;--container-widget-width:312.772px;--container-widget-flex-grow:0;}.elementor-828 .elementor-element.elementor-element-7491378b .elementor-heading-title{font-size:30px;line-height:1.1em;}}<\/style>\t\t<div data-elementor-type=\"wp-page\" data-elementor-id=\"828\" class=\"elementor elementor-828\" data-elementor-settings=\"{&quot;ha_cmc_init_switcher&quot;:&quot;no&quot;}\">\n\t\t\t\t<div class=\"elementor-element elementor-element-69e1fc0f e-flex e-con-boxed wpr-particle-no wpr-jarallax-no wpr-parallax-no wpr-sticky-section-no e-con e-parent\" data-id=\"69e1fc0f\" data-element_type=\"container\" data-settings=\"{&quot;background_background&quot;:&quot;video&quot;,&quot;background_video_link&quot;:&quot;https:\\\/\\\/ifselyana.com\\\/wp-content\\\/uploads\\\/2025\\\/08\\\/1104067_1080p_Multicultural_1280x720.mp4&quot;,&quot;background_play_on_mobile&quot;:&quot;yes&quot;,&quot;_ha_eqh_enable&quot;:false}\">\n\t\t\t\t\t<div class=\"e-con-inner\">\n\t\t<div class=\"elementor-background-video-container\" aria-hidden=\"true\">\n\t\t\t\t\t\t\t<video class=\"elementor-background-video-hosted\" autoplay muted playsinline loop><\/video>\n\t\t\t\t\t<\/div>\t\t<div class=\"elementor-element elementor-element-31c6ba2 elementor-widget elementor-widget-heading\" data-id=\"31c6ba2\" data-element_type=\"widget\" data-widget_type=\"heading.default\">\n\t\t\t\t\t<h2 class=\"elementor-heading-title elementor-size-default\">IFSE<\/h2>\t\t\t\t<\/div>\n\t\t\t\t<div class=\"elementor-element elementor-element-7491378b elementor-widget__width-initial elementor-widget-tablet__width-initial elementor-widget-mobile__width-initial elementor-widget elementor-widget-heading\" data-id=\"7491378b\" data-element_type=\"widget\" data-widget_type=\"heading.default\">\n\t\t\t\t\t<h2 class=\"elementor-heading-title elementor-size-default\">Institut de Formation en Sant\u00e9 Elyana<\/h2>\t\t\t\t<\/div>\n\t\t\t\t\t<\/div>\n\t\t\t\t<\/div>\n\t\t<div class=\"elementor-element elementor-element-cb1f974 e-flex e-con-boxed wpr-particle-no wpr-jarallax-no wpr-parallax-no wpr-sticky-section-no e-con e-parent\" data-id=\"cb1f974\" data-element_type=\"container\" data-settings=\"{&quot;_ha_eqh_enable&quot;:false}\">\n\t\t\t\t\t<div class=\"e-con-inner\">\n\t\t<div class=\"elementor-element elementor-element-5d92f21 e-con-full e-flex wpr-particle-no wpr-jarallax-no wpr-parallax-no wpr-sticky-section-no e-con e-child\" data-id=\"5d92f21\" data-element_type=\"container\" data-settings=\"{&quot;_ha_eqh_enable&quot;:false}\">\n\t\t\t\t<div class=\"elementor-element elementor-element-1010cb0 elementor-widget elementor-widget-heading\" data-id=\"1010cb0\" data-element_type=\"widget\" data-widget_type=\"heading.default\">\n\t\t\t\t\t<h2 class=\"elementor-heading-title elementor-size-default\">NOS TARIFS<\/h2>\t\t\t\t<\/div>\n\t\t\t\t<div class=\"elementor-element elementor-element-d174253 elementor-widget elementor-widget-text-editor\" data-id=\"d174253\" data-element_type=\"widget\" data-widget_type=\"text-editor.default\">\n\t\t\t\t\t\t\t\t\t<p>Les frais d\u2019inscriptions s\u2019\u00e9l\u00e8vent a\u0300 200.000 FCFA pour les nouveaux \u00e9tudiants et <strong>120.000<\/strong> FCFA pour les anciens. Une fois les frais d\u2019inscription valid\u00e9e, le paiement des frais scolarit\u00e9s est obligatoire pour acc\u00e9der au cours et aux services p\u00e9dagogiques.<\/p>\t\t\t\t\t\t\t\t<\/div>\n\t\t\t\t<div class=\"elementor-element elementor-element-6374b94 elementor-widget elementor-widget-shortcode\" data-id=\"6374b94\" data-element_type=\"widget\" data-widget_type=\"shortcode.default\">\n\t\t\t\t\t\t\t<div class=\"elementor-shortcode\">\n<table id=\"tablepress-1\" class=\"tablepress tablepress-id-1\">\n<thead>\n<tr class=\"row-1\">\n\t<th class=\"column-1\">D\u00e9signations <\/th><th class=\"column-2\">Montant<\/th>\n<\/tr>\n<\/thead>\n<tbody class=\"row-striping row-hover\">\n<tr class=\"row-2\">\n\t<td class=\"column-1\">Frais d\u2019inscription<\/td><td class=\"column-2\">200 000 FCFA<\/td>\n<\/tr>\n<tr class=\"row-3\">\n\t<td class=\"column-1\">Frais de r\u00e9inscription<\/td><td class=\"column-2\"> 120 000 FCFA<\/td>\n<\/tr>\n<tr class=\"row-4\">\n\t<td class=\"column-1\">Coop\u00e9rative<\/td><td class=\"column-2\"> 10 000 FCFA<\/td>\n<\/tr>\n<tr class=\"row-5\">\n\t<td class=\"column-1\">Frais de simulation<\/td><td class=\"column-2\"> 40 000 FCFA<\/td>\n<\/tr>\n<tr class=\"row-6\">\n\t<td class=\"column-1\">Mensualit\u00e9 1\u00e8re ann\u00e9e<\/td><td class=\"column-2\">80 000 FCFA<\/td>\n<\/tr>\n<tr class=\"row-7\">\n\t<td class=\"column-1\">Mensualit\u00e9 2\u00e8me ann\u00e9e<\/td><td class=\"column-2\">85 000 FCFA* 10 mois<\/td>\n<\/tr>\n<tr class=\"row-8\">\n\t<td class=\"column-1\">Mensualit\u00e9 3\u00e8me ann\u00e9e <\/td><td class=\"column-2\">95 000 FCFA * 10 mois<\/td>\n<\/tr>\n<tr class=\"row-9\">\n\t<td class=\"column-1\">Uniformes (Chemise +jupes ou pantalon)<\/td><td class=\"column-2\">25 000 FCFA<\/td>\n<\/tr>\n<tr class=\"row-10\">\n\t<td class=\"column-1\">Tenue de stage (ensemble tunique-pantalon)<\/td><td class=\"column-2\">30 000 FCFA<\/td>\n<\/tr>\n<tr class=\"row-11\">\n\t<td class=\"column-1\">Master 1<\/td><td class=\"column-2\"> 1 200 000 FCFA<\/td>\n<\/tr>\n<tr class=\"row-12\">\n\t<td class=\"column-1\">Master 2 <\/td><td class=\"column-2\"> 1 500 000 FCFA<\/td>\n<\/tr>\n<\/tbody>\n<\/table>\n<!-- #tablepress-1 from cache --><\/div>\n\t\t\t\t\t\t<\/div>\n\t\t\t\t<\/div>\n\t\t<div class=\"elementor-element elementor-element-b36c460 e-con-full e-flex wpr-particle-no wpr-jarallax-no wpr-parallax-no wpr-sticky-section-no e-con e-child\" data-id=\"b36c460\" data-element_type=\"container\" data-settings=\"{&quot;_ha_eqh_enable&quot;:false}\">\n\t\t\t\t<div class=\"elementor-element elementor-element-869b32a elementor-widget elementor-widget-image\" data-id=\"869b32a\" data-element_type=\"widget\" data-widget_type=\"image.default\">\n\t\t\t\t\t\t\t\t\t\t\t\t\t\t\t<img fetchpriority=\"high\" decoding=\"async\" width=\"530\" height=\"530\" src=\"https:\/\/ifselyana.com\/wp-content\/uploads\/2025\/08\/539298916_1345893210874181_8922030070059398803_n-530x530.jpg\" class=\"attachment-large size-large wp-image-652\" alt=\"\" srcset=\"https:\/\/ifselyana.com\/wp-content\/uploads\/2025\/08\/539298916_1345893210874181_8922030070059398803_n-530x530.jpg 530w, https:\/\/ifselyana.com\/wp-content\/uploads\/2025\/08\/539298916_1345893210874181_8922030070059398803_n-400x400.jpg 400w, https:\/\/ifselyana.com\/wp-content\/uploads\/2025\/08\/539298916_1345893210874181_8922030070059398803_n-768x768.jpg 768w, https:\/\/ifselyana.com\/wp-content\/uploads\/2025\/08\/539298916_1345893210874181_8922030070059398803_n-700x700.jpg 700w, https:\/\/ifselyana.com\/wp-content\/uploads\/2025\/08\/539298916_1345893210874181_8922030070059398803_n.jpg 1080w\" sizes=\"(max-width: 530px) 100vw, 530px\" \/>\t\t\t\t\t\t\t\t\t\t\t\t\t\t\t<\/div>\n\t\t\t\t<div class=\"elementor-element elementor-element-208968d elementor-widget elementor-widget-text-editor\" data-id=\"208968d\" data-element_type=\"widget\" data-widget_type=\"text-editor.default\">\n\t\t\t\t\t\t\t\t\t<p>Les paiements se font en esp\u00e8ces au service comptabilit\u00e9 de l\u2019\u00e9tablissement, par virement bancaire sur notre compte <strong>n\u00b090000556990-20<\/strong> domicili\u00e9 \u00e0 UGB et aussi via airtel money.Les paiement se font tous les 5 mois du mois le 15 au plus tard.<\/p>\t\t\t\t\t\t\t\t<\/div>\n\t\t\t\t<\/div>\n\t\t\t\t\t<\/div>\n\t\t\t\t<\/div>\n\t\t\t\t<\/div>\n\t\t","protected":false},"excerpt":{"rendered":"<p>IFSE Institut de Formation en Sant\u00e9 Elyana NOS TARIFS Les frais d\u2019inscriptions s\u2019\u00e9l\u00e8vent a\u0300 200.000 FCFA pour les nouveaux \u00e9tudiants et 120.000 FCFA pour les anciens. Une fois les frais d\u2019inscription valid\u00e9e, le paiement des frais scolarit\u00e9s est obligatoire pour acc\u00e9der au cours et aux services p\u00e9dagogiques. Les paiements se font en esp\u00e8ces au service comptabilit\u00e9 de l\u2019\u00e9tablissement, par virement bancaire sur notre compte n\u00b090000556990-20 domicili\u00e9 \u00e0 UGB et aussi via airtel money.Les paiement se font tous les 5 mois du mois le 15 au plus tard.<\/p>\n","protected":false},"author":1,"featured_media":0,"parent":0,"menu_order":0,"comment_status":"closed","ping_status":"closed","template":"","meta":{"site-sidebar-layout":"no-sidebar","site-content-layout":"","ast-site-content-layout":"full-width-container","site-content-style":"default","site-sidebar-style":"default","ast-global-header-display":"","ast-banner-title-visibility":"","ast-main-header-display":"","ast-hfb-above-header-display":"","ast-hfb-below-header-display":"","ast-hfb-mobile-header-display":"","site-post-title":"disabled","ast-breadcrumbs-content":"","ast-featured-img":"disabled","footer-sml-layout":"","theme-transparent-header-meta":"","adv-header-id-meta":"","stick-header-meta":"","header-above-stick-meta":"","header-main-stick-meta":"","header-below-stick-meta":"","astra-migrate-meta-layouts":"default","ast-page-background-enabled":"default","ast-page-background-meta":{"desktop":{"background-color":"var(--ast-global-color-5)","background-image":"","background-repeat":"repeat","background-position":"center center","background-size":"auto","background-attachment":"scroll","background-type":"","background-media":"","overlay-type":"","overlay-color":"","overlay-opacity":"","overlay-gradient":""},"tablet":{"background-color":"","background-image":"","background-repeat":"repeat","background-position":"center center","background-size":"auto","background-attachment":"scroll","background-type":"","background-media":"","overlay-type":"","overlay-color":"","overlay-opacity":"","overlay-gradient":""},"mobile":{"background-color":"","background-image":"","background-repeat":"repeat","background-position":"center center","background-size":"auto","background-attachment":"scroll","background-type":"","background-media":"","overlay-type":"","overlay-color":"","overlay-opacity":"","overlay-gradient":""}},"ast-content-background-meta":{"desktop":{"background-color":"var(--ast-global-color-4)","background-image":"","background-repeat":"repeat","background-position":"center center","background-size":"auto","background-attachment":"scroll","background-type":"","background-media":"","overlay-type":"","overlay-color":"","overlay-opacity":"","overlay-gradient":""},"tablet":{"background-color":"var(--ast-global-color-4)","background-image":"","background-repeat":"repeat","background-position":"center center","background-size":"auto","background-attachment":"scroll","background-type":"","background-media":"","overlay-type":"","overlay-color":"","overlay-opacity":"","overlay-gradient":""},"mobile":{"background-color":"var(--ast-global-color-4)","background-image":"","background-repeat":"repeat","background-position":"center center","background-size":"auto","background-attachment":"scroll","background-type":"","background-media":"","overlay-type":"","overlay-color":"","overlay-opacity":"","overlay-gradient":""}},"footnotes":""},"class_list":["post-828","page","type-page","status-publish","hentry"],"yoast_head":"<!-- This site is optimized with the Yoast SEO plugin v26.3 - https:\/\/yoast.com\/wordpress\/plugins\/seo\/ -->\n<title>Nos tarifs - IFSE<\/title>\n<meta name=\"robots\" content=\"index, follow, max-snippet:-1, max-image-preview:large, max-video-preview:-1\" \/>\n<link rel=\"canonical\" href=\"https:\/\/ifselyana.com\/?page_id=828\" \/>\n<meta property=\"og:locale\" content=\"fr_FR\" \/>\n<meta property=\"og:type\" content=\"article\" \/>\n<meta property=\"og:title\" content=\"Nos tarifs - IFSE\" \/>\n<meta property=\"og:description\" content=\"IFSE Institut de Formation en Sant\u00e9 Elyana NOS TARIFS Les frais d\u2019inscriptions s\u2019\u00e9l\u00e8vent a\u0300 200.000 FCFA pour les nouveaux \u00e9tudiants et 120.000 FCFA pour les anciens. Une fois les frais d\u2019inscription valid\u00e9e, le paiement des frais scolarit\u00e9s est obligatoire pour acc\u00e9der au cours et aux services p\u00e9dagogiques. Les paiements se font en esp\u00e8ces au service comptabilit\u00e9 de l\u2019\u00e9tablissement, par virement bancaire sur notre compte n\u00b090000556990-20 domicili\u00e9 \u00e0 UGB et aussi via airtel money.Les paiement se font tous les 5 mois du mois le 15 au plus tard.\" \/>\n<meta property=\"og:url\" content=\"https:\/\/ifselyana.com\/?page_id=828\" \/>\n<meta property=\"og:site_name\" content=\"IFSE\" \/>\n<meta property=\"article:modified_time\" content=\"2025-09-02T07:43:34+00:00\" \/>\n<meta property=\"og:image\" content=\"https:\/\/ifselyana.com\/wp-content\/uploads\/2025\/08\/539298916_1345893210874181_8922030070059398803_n.jpg\" \/>\n\t<meta property=\"og:image:width\" content=\"1080\" \/>\n\t<meta property=\"og:image:height\" content=\"1080\" \/>\n\t<meta property=\"og:image:type\" content=\"image\/jpeg\" \/>\n<meta name=\"twitter:card\" content=\"summary_large_image\" \/>\n<script type=\"application\/ld+json\" class=\"yoast-schema-graph\">{\"@context\":\"https:\/\/schema.org\",\"@graph\":[{\"@type\":\"WebPage\",\"@id\":\"https:\/\/ifselyana.com\/?page_id=828\",\"url\":\"https:\/\/ifselyana.com\/?page_id=828\",\"name\":\"Nos tarifs - IFSE\",\"isPartOf\":{\"@id\":\"https:\/\/ifselyana.com\/#website\"},\"primaryImageOfPage\":{\"@id\":\"https:\/\/ifselyana.com\/?page_id=828#primaryimage\"},\"image\":{\"@id\":\"https:\/\/ifselyana.com\/?page_id=828#primaryimage\"},\"thumbnailUrl\":\"https:\/\/ifselyana.com\/wp-content\/uploads\/2025\/08\/539298916_1345893210874181_8922030070059398803_n-530x530.jpg\",\"datePublished\":\"2025-09-02T07:39:08+00:00\",\"dateModified\":\"2025-09-02T07:43:34+00:00\",\"breadcrumb\":{\"@id\":\"https:\/\/ifselyana.com\/?page_id=828#breadcrumb\"},\"inLanguage\":\"fr-FR\",\"potentialAction\":[{\"@type\":\"ReadAction\",\"target\":[\"https:\/\/ifselyana.com\/?page_id=828\"]}]},{\"@type\":\"ImageObject\",\"inLanguage\":\"fr-FR\",\"@id\":\"https:\/\/ifselyana.com\/?page_id=828#primaryimage\",\"url\":\"https:\/\/ifselyana.com\/wp-content\/uploads\/2025\/08\/539298916_1345893210874181_8922030070059398803_n.jpg\",\"contentUrl\":\"https:\/\/ifselyana.com\/wp-content\/uploads\/2025\/08\/539298916_1345893210874181_8922030070059398803_n.jpg\",\"width\":1080,\"height\":1080},{\"@type\":\"BreadcrumbList\",\"@id\":\"https:\/\/ifselyana.com\/?page_id=828#breadcrumb\",\"itemListElement\":[{\"@type\":\"ListItem\",\"position\":1,\"name\":\"Accueil\",\"item\":\"https:\/\/ifselyana.com\/\"},{\"@type\":\"ListItem\",\"position\":2,\"name\":\"Nos tarifs\"}]},{\"@type\":\"WebSite\",\"@id\":\"https:\/\/ifselyana.com\/#website\",\"url\":\"https:\/\/ifselyana.com\/\",\"name\":\"IFSE\",\"description\":\"\",\"publisher\":{\"@id\":\"https:\/\/ifselyana.com\/#organization\"},\"potentialAction\":[{\"@type\":\"SearchAction\",\"target\":{\"@type\":\"EntryPoint\",\"urlTemplate\":\"https:\/\/ifselyana.com\/?s={search_term_string}\"},\"query-input\":{\"@type\":\"PropertyValueSpecification\",\"valueRequired\":true,\"valueName\":\"search_term_string\"}}],\"inLanguage\":\"fr-FR\"},{\"@type\":\"Organization\",\"@id\":\"https:\/\/ifselyana.com\/#organization\",\"name\":\"IFSE\",\"url\":\"https:\/\/ifselyana.com\/\",\"logo\":{\"@type\":\"ImageObject\",\"inLanguage\":\"fr-FR\",\"@id\":\"https:\/\/ifselyana.com\/#\/schema\/logo\/image\/\",\"url\":\"https:\/\/ifselyana.com\/wp-content\/uploads\/2025\/08\/116508904_106992057782473_2246750094331060633_n-4.png\",\"contentUrl\":\"https:\/\/ifselyana.com\/wp-content\/uploads\/2025\/08\/116508904_106992057782473_2246750094331060633_n-4.png\",\"width\":598,\"height\":424,\"caption\":\"IFSE\"},\"image\":{\"@id\":\"https:\/\/ifselyana.com\/#\/schema\/logo\/image\/\"}}]}<\/script>\n<!-- \/ Yoast SEO plugin. -->","yoast_head_json":{"title":"Nos tarifs - IFSE","robots":{"index":"index","follow":"follow","max-snippet":"max-snippet:-1","max-image-preview":"max-image-preview:large","max-video-preview":"max-video-preview:-1"},"canonical":"https:\/\/ifselyana.com\/?page_id=828","og_locale":"fr_FR","og_type":"article","og_title":"Nos tarifs - IFSE","og_description":"IFSE Institut de Formation en Sant\u00e9 Elyana NOS TARIFS Les frais d\u2019inscriptions s\u2019\u00e9l\u00e8vent a\u0300 200.000 FCFA pour les nouveaux \u00e9tudiants et 120.000 FCFA pour les anciens. Une fois les frais d\u2019inscription valid\u00e9e, le paiement des frais scolarit\u00e9s est obligatoire pour acc\u00e9der au cours et aux services p\u00e9dagogiques. Les paiements se font en esp\u00e8ces au service comptabilit\u00e9 de l\u2019\u00e9tablissement, par virement bancaire sur notre compte n\u00b090000556990-20 domicili\u00e9 \u00e0 UGB et aussi via airtel money.Les paiement se font tous les 5 mois du mois le 15 au plus tard.","og_url":"https:\/\/ifselyana.com\/?page_id=828","og_site_name":"IFSE","article_modified_time":"2025-09-02T07:43:34+00:00","og_image":[{"width":1080,"height":1080,"url":"https:\/\/ifselyana.com\/wp-content\/uploads\/2025\/08\/539298916_1345893210874181_8922030070059398803_n.jpg","type":"image\/jpeg"}],"twitter_card":"summary_large_image","schema":{"@context":"https:\/\/schema.org","@graph":[{"@type":"WebPage","@id":"https:\/\/ifselyana.com\/?page_id=828","url":"https:\/\/ifselyana.com\/?page_id=828","name":"Nos tarifs - IFSE","isPartOf":{"@id":"https:\/\/ifselyana.com\/#website"},"primaryImageOfPage":{"@id":"https:\/\/ifselyana.com\/?page_id=828#primaryimage"},"image":{"@id":"https:\/\/ifselyana.com\/?page_id=828#primaryimage"},"thumbnailUrl":"https:\/\/ifselyana.com\/wp-content\/uploads\/2025\/08\/539298916_1345893210874181_8922030070059398803_n-530x530.jpg","datePublished":"2025-09-02T07:39:08+00:00","dateModified":"2025-09-02T07:43:34+00:00","breadcrumb":{"@id":"https:\/\/ifselyana.com\/?page_id=828#breadcrumb"},"inLanguage":"fr-FR","potentialAction":[{"@type":"ReadAction","target":["https:\/\/ifselyana.com\/?page_id=828"]}]},{"@type":"ImageObject","inLanguage":"fr-FR","@id":"https:\/\/ifselyana.com\/?page_id=828#primaryimage","url":"https:\/\/ifselyana.com\/wp-content\/uploads\/2025\/08\/539298916_1345893210874181_8922030070059398803_n.jpg","contentUrl":"https:\/\/ifselyana.com\/wp-content\/uploads\/2025\/08\/539298916_1345893210874181_8922030070059398803_n.jpg","width":1080,"height":1080},{"@type":"BreadcrumbList","@id":"https:\/\/ifselyana.com\/?page_id=828#breadcrumb","itemListElement":[{"@type":"ListItem","position":1,"name":"Accueil","item":"https:\/\/ifselyana.com\/"},{"@type":"ListItem","position":2,"name":"Nos tarifs"}]},{"@type":"WebSite","@id":"https:\/\/ifselyana.com\/#website","url":"https:\/\/ifselyana.com\/","name":"IFSE","description":"","publisher":{"@id":"https:\/\/ifselyana.com\/#organization"},"potentialAction":[{"@type":"SearchAction","target":{"@type":"EntryPoint","urlTemplate":"https:\/\/ifselyana.com\/?s={search_term_string}"},"query-input":{"@type":"PropertyValueSpecification","valueRequired":true,"valueName":"search_term_string"}}],"inLanguage":"fr-FR"},{"@type":"Organization","@id":"https:\/\/ifselyana.com\/#organization","name":"IFSE","url":"https:\/\/ifselyana.com\/","logo":{"@type":"ImageObject","inLanguage":"fr-FR","@id":"https:\/\/ifselyana.com\/#\/schema\/logo\/image\/","url":"https:\/\/ifselyana.com\/wp-content\/uploads\/2025\/08\/116508904_106992057782473_2246750094331060633_n-4.png","contentUrl":"https:\/\/ifselyana.com\/wp-content\/uploads\/2025\/08\/116508904_106992057782473_2246750094331060633_n-4.png","width":598,"height":424,"caption":"IFSE"},"image":{"@id":"https:\/\/ifselyana.com\/#\/schema\/logo\/image\/"}}]}},"_links":{"self":[{"href":"https:\/\/ifselyana.com\/index.php?rest_route=\/wp\/v2\/pages\/828","targetHints":{"allow":["GET"]}}],"collection":[{"href":"https:\/\/ifselyana.com\/index.php?rest_route=\/wp\/v2\/pages"}],"about":[{"href":"https:\/\/ifselyana.com\/index.php?rest_route=\/wp\/v2\/types\/page"}],"author":[{"embeddable":true,"href":"https:\/\/ifselyana.com\/index.php?rest_route=\/wp\/v2\/users\/1"}],"replies":[{"embeddable":true,"href":"https:\/\/ifselyana.com\/index.php?rest_route=%2Fwp%2Fv2%2Fcomments&post=828"}],"version-history":[{"count":4,"href":"https:\/\/ifselyana.com\/index.php?rest_route=\/wp\/v2\/pages\/828\/revisions"}],"predecessor-version":[{"id":839,"href":"https:\/\/ifselyana.com\/index.php?rest_route=\/wp\/v2\/pages\/828\/revisions\/839"}],"wp:attachment":[{"href":"https:\/\/ifselyana.com\/index.php?rest_route=%2Fwp%2Fv2%2Fmedia&parent=828"}],"curies":[{"name":"wp","href":"https:\/\/api.w.org\/{rel}","templated":true}]}}