{"id":932,"date":"2025-09-03T16:25:38","date_gmt":"2025-09-03T14:25:38","guid":{"rendered":"https:\/\/ifselyana.com\/?page_id=932"},"modified":"2025-09-03T16:41:40","modified_gmt":"2025-09-03T14:41:40","slug":"la-bibliotheque","status":"publish","type":"page","link":"https:\/\/ifselyana.com\/?page_id=932","title":{"rendered":"La Biblioth\u00e8que"},"content":{"rendered":"<style>.elementor-932 .elementor-element.elementor-element-69e1fc0f{--display:flex;--min-height:700px;--flex-direction:column;--container-widget-width:100%;--container-widget-height:initial;--container-widget-flex-grow:0;--container-widget-align-self:initial;--flex-wrap-mobile:wrap;--justify-content:center;--overlay-opacity:0.5;}.elementor-932 .elementor-element.elementor-element-69e1fc0f:not(.elementor-motion-effects-element-type-background), .elementor-932 .elementor-element.elementor-element-69e1fc0f > .elementor-motion-effects-container > .elementor-motion-effects-layer{background-image:url(\"https:\/\/ifselyana.com\/wp-content\/uploads\/2025\/09\/2149215408.jpg\");background-position:center center;background-repeat:no-repeat;background-size:cover;}.elementor-932 .elementor-element.elementor-element-69e1fc0f::before, .elementor-932 .elementor-element.elementor-element-69e1fc0f > .elementor-background-video-container::before, .elementor-932 .elementor-element.elementor-element-69e1fc0f > .e-con-inner > .elementor-background-video-container::before, .elementor-932 .elementor-element.elementor-element-69e1fc0f > .elementor-background-slideshow::before, .elementor-932 .elementor-element.elementor-element-69e1fc0f > .e-con-inner > .elementor-background-slideshow::before, .elementor-932 .elementor-element.elementor-element-69e1fc0f > .elementor-motion-effects-container > .elementor-motion-effects-layer::before{background-color:#000000;--background-overlay:'';}.elementor-widget-heading .elementor-heading-title{font-family:var( --e-global-typography-primary-font-family ), Sans-serif;font-weight:var( --e-global-typography-primary-font-weight );color:var( --e-global-color-primary );}.elementor-932 .elementor-element.elementor-element-31c6ba2{text-align:left;}.elementor-932 .elementor-element.elementor-element-31c6ba2 .elementor-heading-title{font-family:\"Playfair Display\", Sans-serif;font-size:74px;font-weight:600;text-decoration:overline;color:#FFFFFF;}.elementor-932 .elementor-element.elementor-element-7491378b{width:var( --container-widget-width, 65.993% );max-width:65.993%;margin:-26px 0px calc(var(--kit-widget-spacing, 0px) + 0px) 0px;--container-widget-width:65.993%;--container-widget-flex-grow:0;text-align:left;}.elementor-932 .elementor-element.elementor-element-7491378b.elementor-element{--flex-grow:0;--flex-shrink:0;}.elementor-932 .elementor-element.elementor-element-7491378b .elementor-heading-title{font-family:\"Roboto\", Sans-serif;font-size:74px;font-weight:600;text-decoration:none;line-height:69px;color:#FFFFFF;}.elementor-932 .elementor-element.elementor-element-8758cb3{width:var( --container-widget-width, 65.993% );max-width:65.993%;margin:-26px 0px calc(var(--kit-widget-spacing, 0px) + 0px) 0px;--container-widget-width:65.993%;--container-widget-flex-grow:0;text-align:left;}.elementor-932 .elementor-element.elementor-element-8758cb3.elementor-element{--flex-grow:0;--flex-shrink:0;}.elementor-932 .elementor-element.elementor-element-8758cb3 .elementor-heading-title{font-family:\"Roboto\", Sans-serif;font-size:44px;font-weight:600;text-decoration:none;line-height:69px;color:#FF4000;}.elementor-932 .elementor-element.elementor-element-17ab738{--display:flex;--flex-direction:row;--container-widget-width:initial;--container-widget-height:100%;--container-widget-flex-grow:1;--container-widget-align-self:stretch;--flex-wrap-mobile:wrap;--gap:0px 0px;--row-gap:0px;--column-gap:0px;--margin-top:050px;--margin-bottom:0px;--margin-left:0px;--margin-right:0px;}.elementor-932 .elementor-element.elementor-element-3a920d4{--display:flex;--flex-direction:column;--container-widget-width:100%;--container-widget-height:initial;--container-widget-flex-grow:0;--container-widget-align-self:initial;--flex-wrap-mobile:wrap;}.elementor-932 .elementor-element.elementor-element-87830ba .elementor-heading-title{font-family:\"Roboto\", Sans-serif;font-weight:600;text-transform:uppercase;color:#000000;}.elementor-widget-text-editor{font-family:var( --e-global-typography-text-font-family ), Sans-serif;font-weight:var( --e-global-typography-text-font-weight );color:var( --e-global-color-text );}.elementor-widget-text-editor.elementor-drop-cap-view-stacked .elementor-drop-cap{background-color:var( --e-global-color-primary );}.elementor-widget-text-editor.elementor-drop-cap-view-framed .elementor-drop-cap, .elementor-widget-text-editor.elementor-drop-cap-view-default .elementor-drop-cap{color:var( --e-global-color-primary );border-color:var( --e-global-color-primary );}.elementor-932 .elementor-element.elementor-element-6ec8c22{text-align:justify;color:#000000;}.elementor-932 .elementor-element.elementor-element-ddd247d{--display:flex;--flex-direction:column;--container-widget-width:100%;--container-widget-height:initial;--container-widget-flex-grow:0;--container-widget-align-self:initial;--flex-wrap-mobile:wrap;}.elementor-widget-image .widget-image-caption{color:var( --e-global-color-text );font-family:var( --e-global-typography-text-font-family ), Sans-serif;font-weight:var( --e-global-typography-text-font-weight );}:root{--page-title-display:none;}@media(min-width:768px){.elementor-932 .elementor-element.elementor-element-3a920d4{--width:50%;}.elementor-932 .elementor-element.elementor-element-ddd247d{--width:50%;}}@media(max-width:1024px){.elementor-932 .elementor-element.elementor-element-7491378b{width:var( --container-widget-width, 574.28px );max-width:574.28px;--container-widget-width:574.28px;--container-widget-flex-grow:0;}.elementor-932 .elementor-element.elementor-element-7491378b .elementor-heading-title{font-size:55px;}.elementor-932 .elementor-element.elementor-element-8758cb3{width:var( --container-widget-width, 574.28px );max-width:574.28px;--container-widget-width:574.28px;--container-widget-flex-grow:0;}.elementor-932 .elementor-element.elementor-element-8758cb3 .elementor-heading-title{font-size:55px;}}@media(max-width:767px){.elementor-932 .elementor-element.elementor-element-69e1fc0f{--overlay-opacity:0.43;}.elementor-932 .elementor-element.elementor-element-7491378b{width:var( --container-widget-width, 312.772px );max-width:312.772px;margin:-25px 0px calc(var(--kit-widget-spacing, 0px) + 0px) 0px;--container-widget-width:312.772px;--container-widget-flex-grow:0;}.elementor-932 .elementor-element.elementor-element-7491378b .elementor-heading-title{font-size:30px;line-height:1.1em;}.elementor-932 .elementor-element.elementor-element-8758cb3{width:var( --container-widget-width, 312.772px );max-width:312.772px;margin:-25px 0px calc(var(--kit-widget-spacing, 0px) + 0px) 0px;--container-widget-width:312.772px;--container-widget-flex-grow:0;}.elementor-932 .elementor-element.elementor-element-8758cb3 .elementor-heading-title{font-size:30px;line-height:1.1em;}}<\/style>\t\t<div data-elementor-type=\"wp-page\" data-elementor-id=\"932\" class=\"elementor elementor-932\" data-elementor-settings=\"{&quot;ha_cmc_init_switcher&quot;:&quot;no&quot;}\">\n\t\t\t\t<div class=\"elementor-element elementor-element-69e1fc0f e-flex e-con-boxed wpr-particle-no wpr-jarallax-no wpr-parallax-no wpr-sticky-section-no e-con e-parent\" data-id=\"69e1fc0f\" data-element_type=\"container\" data-settings=\"{&quot;background_background&quot;:&quot;classic&quot;,&quot;_ha_eqh_enable&quot;:false}\">\n\t\t\t\t\t<div class=\"e-con-inner\">\n\t\t\t\t<div class=\"elementor-element elementor-element-31c6ba2 elementor-widget elementor-widget-heading\" data-id=\"31c6ba2\" data-element_type=\"widget\" data-widget_type=\"heading.default\">\n\t\t\t\t\t<h2 class=\"elementor-heading-title elementor-size-default\">IFSE<\/h2>\t\t\t\t<\/div>\n\t\t\t\t<div class=\"elementor-element elementor-element-7491378b elementor-widget__width-initial elementor-widget-tablet__width-initial elementor-widget-mobile__width-initial elementor-widget elementor-widget-heading\" data-id=\"7491378b\" data-element_type=\"widget\" data-widget_type=\"heading.default\">\n\t\t\t\t\t<h2 class=\"elementor-heading-title elementor-size-default\">Institut de Formation en Sant\u00e9 Elyana<\/h2>\t\t\t\t<\/div>\n\t\t\t\t<div class=\"elementor-element elementor-element-8758cb3 elementor-widget__width-initial elementor-widget-tablet__width-initial elementor-widget-mobile__width-initial elementor-widget elementor-widget-heading\" data-id=\"8758cb3\" data-element_type=\"widget\" data-widget_type=\"heading.default\">\n\t\t\t\t\t<h4 class=\"elementor-heading-title elementor-size-default\">Biblioth\u00e8que<\/h4>\t\t\t\t<\/div>\n\t\t\t\t\t<\/div>\n\t\t\t\t<\/div>\n\t\t<div class=\"elementor-element elementor-element-17ab738 e-flex e-con-boxed wpr-particle-no wpr-jarallax-no wpr-parallax-no wpr-sticky-section-no e-con e-parent\" data-id=\"17ab738\" data-element_type=\"container\" data-settings=\"{&quot;_ha_eqh_enable&quot;:false}\">\n\t\t\t\t\t<div class=\"e-con-inner\">\n\t\t<div class=\"elementor-element elementor-element-3a920d4 e-con-full e-flex wpr-particle-no wpr-jarallax-no wpr-parallax-no wpr-sticky-section-no e-con e-child\" data-id=\"3a920d4\" data-element_type=\"container\" data-settings=\"{&quot;_ha_eqh_enable&quot;:false}\">\n\t\t\t\t<div class=\"elementor-element elementor-element-87830ba elementor-widget elementor-widget-heading\" data-id=\"87830ba\" data-element_type=\"widget\" data-widget_type=\"heading.default\">\n\t\t\t\t\t<h2 class=\"elementor-heading-title elementor-size-default\">biblioth\u00e8que<\/h2>\t\t\t\t<\/div>\n\t\t\t\t<div class=\"elementor-element elementor-element-6ec8c22 elementor-widget elementor-widget-text-editor\" data-id=\"6ec8c22\" data-element_type=\"widget\" data-widget_type=\"text-editor.default\">\n\t\t\t\t\t\t\t\t\t<p>La biblioth\u00e8que de l\u2019IFSE, situ\u00e9e au 2\u00e8me \u00e9tage, offre un espace de documentation. Elle est ouverte aux \u00e9tudiants du lundi au vendredi, de 8H00 \u00e0 16h00.<\/p>\t\t\t\t\t\t\t\t<\/div>\n\t\t\t\t<\/div>\n\t\t<div class=\"elementor-element elementor-element-ddd247d e-con-full e-flex wpr-particle-no wpr-jarallax-no wpr-parallax-no wpr-sticky-section-no e-con e-child\" data-id=\"ddd247d\" data-element_type=\"container\" data-settings=\"{&quot;_ha_eqh_enable&quot;:false}\">\n\t\t\t\t<div class=\"elementor-element elementor-element-b32acb7 elementor-widget elementor-widget-image\" data-id=\"b32acb7\" data-element_type=\"widget\" data-widget_type=\"image.default\">\n\t\t\t\t\t\t\t\t\t\t\t\t\t\t\t<img fetchpriority=\"high\" decoding=\"async\" width=\"942\" height=\"530\" src=\"https:\/\/ifselyana.com\/wp-content\/uploads\/2025\/09\/WhatsApp-Image-2025-09-02-at-20.13.12-1-942x530.jpeg\" class=\"attachment-large size-large wp-image-935\" alt=\"\" srcset=\"https:\/\/ifselyana.com\/wp-content\/uploads\/2025\/09\/WhatsApp-Image-2025-09-02-at-20.13.12-1-942x530.jpeg 942w, https:\/\/ifselyana.com\/wp-content\/uploads\/2025\/09\/WhatsApp-Image-2025-09-02-at-20.13.12-1-690x388.jpeg 690w, https:\/\/ifselyana.com\/wp-content\/uploads\/2025\/09\/WhatsApp-Image-2025-09-02-at-20.13.12-1-500x280.jpeg 500w, https:\/\/ifselyana.com\/wp-content\/uploads\/2025\/09\/WhatsApp-Image-2025-09-02-at-20.13.12-1-768x432.jpeg 768w, https:\/\/ifselyana.com\/wp-content\/uploads\/2025\/09\/WhatsApp-Image-2025-09-02-at-20.13.12-1-1536x864.jpeg 1536w, https:\/\/ifselyana.com\/wp-content\/uploads\/2025\/09\/WhatsApp-Image-2025-09-02-at-20.13.12-1.jpeg 1792w\" sizes=\"(max-width: 942px) 100vw, 942px\" \/>\t\t\t\t\t\t\t\t\t\t\t\t\t\t\t<\/div>\n\t\t\t\t<\/div>\n\t\t\t\t\t<\/div>\n\t\t\t\t<\/div>\n\t\t\t\t<\/div>\n\t\t","protected":false},"excerpt":{"rendered":"<p>IFSE Institut de Formation en Sant\u00e9 Elyana Biblioth\u00e8que biblioth\u00e8que La biblioth\u00e8que de l\u2019IFSE, situ\u00e9e au 2\u00e8me \u00e9tage, offre un espace de documentation. Elle est ouverte aux \u00e9tudiants du lundi au vendredi, de 8H00 \u00e0 16h00.<\/p>\n","protected":false},"author":1,"featured_media":0,"parent":0,"menu_order":0,"comment_status":"closed","ping_status":"closed","template":"","meta":{"site-sidebar-layout":"no-sidebar","site-content-layout":"","ast-site-content-layout":"full-width-container","site-content-style":"default","site-sidebar-style":"default","ast-global-header-display":"","ast-banner-title-visibility":"","ast-main-header-display":"","ast-hfb-above-header-display":"","ast-hfb-below-header-display":"","ast-hfb-mobile-header-display":"","site-post-title":"disabled","ast-breadcrumbs-content":"","ast-featured-img":"disabled","footer-sml-layout":"","theme-transparent-header-meta":"","adv-header-id-meta":"","stick-header-meta":"","header-above-stick-meta":"","header-main-stick-meta":"","header-below-stick-meta":"","astra-migrate-meta-layouts":"default","ast-page-background-enabled":"default","ast-page-background-meta":{"desktop":{"background-color":"var(--ast-global-color-5)","background-image":"","background-repeat":"repeat","background-position":"center center","background-size":"auto","background-attachment":"scroll","background-type":"","background-media":"","overlay-type":"","overlay-color":"","overlay-opacity":"","overlay-gradient":""},"tablet":{"background-color":"","background-image":"","background-repeat":"repeat","background-position":"center center","background-size":"auto","background-attachment":"scroll","background-type":"","background-media":"","overlay-type":"","overlay-color":"","overlay-opacity":"","overlay-gradient":""},"mobile":{"background-color":"","background-image":"","background-repeat":"repeat","background-position":"center center","background-size":"auto","background-attachment":"scroll","background-type":"","background-media":"","overlay-type":"","overlay-color":"","overlay-opacity":"","overlay-gradient":""}},"ast-content-background-meta":{"desktop":{"background-color":"var(--ast-global-color-4)","background-image":"","background-repeat":"repeat","background-position":"center center","background-size":"auto","background-attachment":"scroll","background-type":"","background-media":"","overlay-type":"","overlay-color":"","overlay-opacity":"","overlay-gradient":""},"tablet":{"background-color":"var(--ast-global-color-4)","background-image":"","background-repeat":"repeat","background-position":"center center","background-size":"auto","background-attachment":"scroll","background-type":"","background-media":"","overlay-type":"","overlay-color":"","overlay-opacity":"","overlay-gradient":""},"mobile":{"background-color":"var(--ast-global-color-4)","background-image":"","background-repeat":"repeat","background-position":"center center","background-size":"auto","background-attachment":"scroll","background-type":"","background-media":"","overlay-type":"","overlay-color":"","overlay-opacity":"","overlay-gradient":""}},"footnotes":""},"class_list":["post-932","page","type-page","status-publish","hentry"],"yoast_head":"<!-- This site is optimized with the Yoast SEO plugin v26.3 - https:\/\/yoast.com\/wordpress\/plugins\/seo\/ -->\n<title>La Biblioth\u00e8que - IFSE<\/title>\n<meta name=\"robots\" content=\"index, follow, max-snippet:-1, max-image-preview:large, max-video-preview:-1\" \/>\n<link rel=\"canonical\" href=\"https:\/\/ifselyana.com\/?page_id=932\" \/>\n<meta property=\"og:locale\" content=\"fr_FR\" \/>\n<meta property=\"og:type\" content=\"article\" \/>\n<meta property=\"og:title\" content=\"La Biblioth\u00e8que - IFSE\" \/>\n<meta property=\"og:description\" content=\"IFSE Institut de Formation en Sant\u00e9 Elyana Biblioth\u00e8que biblioth\u00e8que La biblioth\u00e8que de l\u2019IFSE, situ\u00e9e au 2\u00e8me \u00e9tage, offre un espace de documentation. Elle est ouverte aux \u00e9tudiants du lundi au vendredi, de 8H00 \u00e0 16h00.\" \/>\n<meta property=\"og:url\" content=\"https:\/\/ifselyana.com\/?page_id=932\" \/>\n<meta property=\"og:site_name\" content=\"IFSE\" \/>\n<meta property=\"article:modified_time\" content=\"2025-09-03T14:41:40+00:00\" \/>\n<meta property=\"og:image\" content=\"https:\/\/ifselyana.com\/wp-content\/uploads\/2025\/09\/WhatsApp-Image-2025-09-02-at-20.13.12-1.jpeg\" \/>\n\t<meta property=\"og:image:width\" content=\"1792\" \/>\n\t<meta property=\"og:image:height\" content=\"1008\" \/>\n\t<meta property=\"og:image:type\" content=\"image\/jpeg\" \/>\n<meta name=\"twitter:card\" content=\"summary_large_image\" \/>\n<script type=\"application\/ld+json\" class=\"yoast-schema-graph\">{\"@context\":\"https:\/\/schema.org\",\"@graph\":[{\"@type\":\"WebPage\",\"@id\":\"https:\/\/ifselyana.com\/?page_id=932\",\"url\":\"https:\/\/ifselyana.com\/?page_id=932\",\"name\":\"La Biblioth\u00e8que - IFSE\",\"isPartOf\":{\"@id\":\"https:\/\/ifselyana.com\/#website\"},\"primaryImageOfPage\":{\"@id\":\"https:\/\/ifselyana.com\/?page_id=932#primaryimage\"},\"image\":{\"@id\":\"https:\/\/ifselyana.com\/?page_id=932#primaryimage\"},\"thumbnailUrl\":\"https:\/\/ifselyana.com\/wp-content\/uploads\/2025\/09\/WhatsApp-Image-2025-09-02-at-20.13.12-1-942x530.jpeg\",\"datePublished\":\"2025-09-03T14:25:38+00:00\",\"dateModified\":\"2025-09-03T14:41:40+00:00\",\"breadcrumb\":{\"@id\":\"https:\/\/ifselyana.com\/?page_id=932#breadcrumb\"},\"inLanguage\":\"fr-FR\",\"potentialAction\":[{\"@type\":\"ReadAction\",\"target\":[\"https:\/\/ifselyana.com\/?page_id=932\"]}]},{\"@type\":\"ImageObject\",\"inLanguage\":\"fr-FR\",\"@id\":\"https:\/\/ifselyana.com\/?page_id=932#primaryimage\",\"url\":\"https:\/\/ifselyana.com\/wp-content\/uploads\/2025\/09\/WhatsApp-Image-2025-09-02-at-20.13.12-1.jpeg\",\"contentUrl\":\"https:\/\/ifselyana.com\/wp-content\/uploads\/2025\/09\/WhatsApp-Image-2025-09-02-at-20.13.12-1.jpeg\",\"width\":1792,\"height\":1008},{\"@type\":\"BreadcrumbList\",\"@id\":\"https:\/\/ifselyana.com\/?page_id=932#breadcrumb\",\"itemListElement\":[{\"@type\":\"ListItem\",\"position\":1,\"name\":\"Accueil\",\"item\":\"https:\/\/ifselyana.com\/\"},{\"@type\":\"ListItem\",\"position\":2,\"name\":\"La Biblioth\u00e8que\"}]},{\"@type\":\"WebSite\",\"@id\":\"https:\/\/ifselyana.com\/#website\",\"url\":\"https:\/\/ifselyana.com\/\",\"name\":\"IFSE\",\"description\":\"\",\"publisher\":{\"@id\":\"https:\/\/ifselyana.com\/#organization\"},\"potentialAction\":[{\"@type\":\"SearchAction\",\"target\":{\"@type\":\"EntryPoint\",\"urlTemplate\":\"https:\/\/ifselyana.com\/?s={search_term_string}\"},\"query-input\":{\"@type\":\"PropertyValueSpecification\",\"valueRequired\":true,\"valueName\":\"search_term_string\"}}],\"inLanguage\":\"fr-FR\"},{\"@type\":\"Organization\",\"@id\":\"https:\/\/ifselyana.com\/#organization\",\"name\":\"IFSE\",\"url\":\"https:\/\/ifselyana.com\/\",\"logo\":{\"@type\":\"ImageObject\",\"inLanguage\":\"fr-FR\",\"@id\":\"https:\/\/ifselyana.com\/#\/schema\/logo\/image\/\",\"url\":\"https:\/\/ifselyana.com\/wp-content\/uploads\/2025\/08\/116508904_106992057782473_2246750094331060633_n-4.png\",\"contentUrl\":\"https:\/\/ifselyana.com\/wp-content\/uploads\/2025\/08\/116508904_106992057782473_2246750094331060633_n-4.png\",\"width\":598,\"height\":424,\"caption\":\"IFSE\"},\"image\":{\"@id\":\"https:\/\/ifselyana.com\/#\/schema\/logo\/image\/\"}}]}<\/script>\n<!-- \/ Yoast SEO plugin. -->","yoast_head_json":{"title":"La Biblioth\u00e8que - IFSE","robots":{"index":"index","follow":"follow","max-snippet":"max-snippet:-1","max-image-preview":"max-image-preview:large","max-video-preview":"max-video-preview:-1"},"canonical":"https:\/\/ifselyana.com\/?page_id=932","og_locale":"fr_FR","og_type":"article","og_title":"La Biblioth\u00e8que - IFSE","og_description":"IFSE Institut de Formation en Sant\u00e9 Elyana Biblioth\u00e8que biblioth\u00e8que La biblioth\u00e8que de l\u2019IFSE, situ\u00e9e au 2\u00e8me \u00e9tage, offre un espace de documentation. Elle est ouverte aux \u00e9tudiants du lundi au vendredi, de 8H00 \u00e0 16h00.","og_url":"https:\/\/ifselyana.com\/?page_id=932","og_site_name":"IFSE","article_modified_time":"2025-09-03T14:41:40+00:00","og_image":[{"width":1792,"height":1008,"url":"https:\/\/ifselyana.com\/wp-content\/uploads\/2025\/09\/WhatsApp-Image-2025-09-02-at-20.13.12-1.jpeg","type":"image\/jpeg"}],"twitter_card":"summary_large_image","schema":{"@context":"https:\/\/schema.org","@graph":[{"@type":"WebPage","@id":"https:\/\/ifselyana.com\/?page_id=932","url":"https:\/\/ifselyana.com\/?page_id=932","name":"La Biblioth\u00e8que - IFSE","isPartOf":{"@id":"https:\/\/ifselyana.com\/#website"},"primaryImageOfPage":{"@id":"https:\/\/ifselyana.com\/?page_id=932#primaryimage"},"image":{"@id":"https:\/\/ifselyana.com\/?page_id=932#primaryimage"},"thumbnailUrl":"https:\/\/ifselyana.com\/wp-content\/uploads\/2025\/09\/WhatsApp-Image-2025-09-02-at-20.13.12-1-942x530.jpeg","datePublished":"2025-09-03T14:25:38+00:00","dateModified":"2025-09-03T14:41:40+00:00","breadcrumb":{"@id":"https:\/\/ifselyana.com\/?page_id=932#breadcrumb"},"inLanguage":"fr-FR","potentialAction":[{"@type":"ReadAction","target":["https:\/\/ifselyana.com\/?page_id=932"]}]},{"@type":"ImageObject","inLanguage":"fr-FR","@id":"https:\/\/ifselyana.com\/?page_id=932#primaryimage","url":"https:\/\/ifselyana.com\/wp-content\/uploads\/2025\/09\/WhatsApp-Image-2025-09-02-at-20.13.12-1.jpeg","contentUrl":"https:\/\/ifselyana.com\/wp-content\/uploads\/2025\/09\/WhatsApp-Image-2025-09-02-at-20.13.12-1.jpeg","width":1792,"height":1008},{"@type":"BreadcrumbList","@id":"https:\/\/ifselyana.com\/?page_id=932#breadcrumb","itemListElement":[{"@type":"ListItem","position":1,"name":"Accueil","item":"https:\/\/ifselyana.com\/"},{"@type":"ListItem","position":2,"name":"La Biblioth\u00e8que"}]},{"@type":"WebSite","@id":"https:\/\/ifselyana.com\/#website","url":"https:\/\/ifselyana.com\/","name":"IFSE","description":"","publisher":{"@id":"https:\/\/ifselyana.com\/#organization"},"potentialAction":[{"@type":"SearchAction","target":{"@type":"EntryPoint","urlTemplate":"https:\/\/ifselyana.com\/?s={search_term_string}"},"query-input":{"@type":"PropertyValueSpecification","valueRequired":true,"valueName":"search_term_string"}}],"inLanguage":"fr-FR"},{"@type":"Organization","@id":"https:\/\/ifselyana.com\/#organization","name":"IFSE","url":"https:\/\/ifselyana.com\/","logo":{"@type":"ImageObject","inLanguage":"fr-FR","@id":"https:\/\/ifselyana.com\/#\/schema\/logo\/image\/","url":"https:\/\/ifselyana.com\/wp-content\/uploads\/2025\/08\/116508904_106992057782473_2246750094331060633_n-4.png","contentUrl":"https:\/\/ifselyana.com\/wp-content\/uploads\/2025\/08\/116508904_106992057782473_2246750094331060633_n-4.png","width":598,"height":424,"caption":"IFSE"},"image":{"@id":"https:\/\/ifselyana.com\/#\/schema\/logo\/image\/"}}]}},"_links":{"self":[{"href":"https:\/\/ifselyana.com\/index.php?rest_route=\/wp\/v2\/pages\/932","targetHints":{"allow":["GET"]}}],"collection":[{"href":"https:\/\/ifselyana.com\/index.php?rest_route=\/wp\/v2\/pages"}],"about":[{"href":"https:\/\/ifselyana.com\/index.php?rest_route=\/wp\/v2\/types\/page"}],"author":[{"embeddable":true,"href":"https:\/\/ifselyana.com\/index.php?rest_route=\/wp\/v2\/users\/1"}],"replies":[{"embeddable":true,"href":"https:\/\/ifselyana.com\/index.php?rest_route=%2Fwp%2Fv2%2Fcomments&post=932"}],"version-history":[{"count":4,"href":"https:\/\/ifselyana.com\/index.php?rest_route=\/wp\/v2\/pages\/932\/revisions"}],"predecessor-version":[{"id":939,"href":"https:\/\/ifselyana.com\/index.php?rest_route=\/wp\/v2\/pages\/932\/revisions\/939"}],"wp:attachment":[{"href":"https:\/\/ifselyana.com\/index.php?rest_route=%2Fwp%2Fv2%2Fmedia&parent=932"}],"curies":[{"name":"wp","href":"https:\/\/api.w.org\/{rel}","templated":true}]}}